{"id":532,"date":"2020-12-03T12:33:20","date_gmt":"2020-12-03T12:33:20","guid":{"rendered":"http:\/\/suretybroker.be\/?page_id=532"},"modified":"2023-11-03T13:57:18","modified_gmt":"2023-11-03T13:57:18","slug":"bank-of-verzekeraar","status":"publish","type":"page","link":"https:\/\/suretybroker.be\/fr\/bank-of-verzekeraar\/","title":{"rendered":"Banque ou assureur?"},"content":{"rendered":"<div data-elementor-type=\"wp-page\" data-elementor-id=\"532\" class=\"elementor elementor-532\" data-elementor-settings=\"[]\">\n\t\t\t\t\t\t<div class=\"elementor-inner\">\n\t\t\t\t\t\t\t<div class=\"elementor-section-wrap\">\n\t\t\t\t\t\t\t<section class=\"elementor-section elementor-top-section elementor-element elementor-element-b11c95b elementor-section-height-min-height elementor-section-boxed elementor-section-height-default elementor-section-items-middle\" data-id=\"b11c95b\" data-element_type=\"section\" data-settings=\"{&quot;background_background&quot;:&quot;classic&quot;}\">\n\t\t\t\t\t\t\t<div class=\"elementor-background-overlay\"><\/div>\n\t\t\t\t\t\t\t<div class=\"elementor-container elementor-column-gap-default\">\n\t\t\t\t\t\t\t<div class=\"elementor-row\">\n\t\t\t\t\t<div class=\"elementor-column elementor-col-100 elementor-top-column elementor-element elementor-element-f02ab63\" data-id=\"f02ab63\" data-element_type=\"column\" data-settings=\"{&quot;background_background&quot;:&quot;classic&quot;}\">\n\t\t\t<div class=\"elementor-column-wrap elementor-element-populated\">\n\t\t\t\t\t\t\t<div class=\"elementor-widget-wrap\">\n\t\t\t\t\t\t<div class=\"elementor-element elementor-element-e264766 elementor-mobile-align-center elementor-align-left elementor-widget elementor-widget-raven-heading\" data-id=\"e264766\" data-element_type=\"widget\" data-widget_type=\"raven-heading.default\">\n\t\t\t\t<div class=\"elementor-widget-container\">\n\t\t\t\t\t<div class=\"raven-widget-wrapper\"><h1 class=\"raven-heading raven-heading-h1\"><span class=\"raven-heading-title\">Banque ou assureur?<\/span><\/h1><\/div>\n\t\t\t\t<\/div>\n\t\t\t\t<\/div>\n\t\t\t\t\t\t<\/div>\n\t\t\t\t\t<\/div>\n\t\t<\/div>\n\t\t\t\t\t\t\t\t<\/div>\n\t\t\t\t\t<\/div>\n\t\t<\/section>\n\t\t\t\t<section class=\"elementor-section elementor-top-section elementor-element elementor-element-aea317d elementor-section-boxed elementor-section-height-default elementor-section-height-default\" data-id=\"aea317d\" data-element_type=\"section\" data-settings=\"{&quot;background_background&quot;:&quot;classic&quot;}\">\n\t\t\t\t\t\t\t<div class=\"elementor-background-overlay\"><\/div>\n\t\t\t\t\t\t\t<div class=\"elementor-container elementor-column-gap-default\">\n\t\t\t\t\t\t\t<div class=\"elementor-row\">\n\t\t\t\t\t<div class=\"elementor-column elementor-col-100 elementor-top-column elementor-element elementor-element-c42a0b9\" data-id=\"c42a0b9\" data-element_type=\"column\">\n\t\t\t<div class=\"elementor-column-wrap elementor-element-populated\">\n\t\t\t\t\t\t\t<div class=\"elementor-widget-wrap\">\n\t\t\t\t\t\t<div class=\"elementor-element elementor-element-1cd2a8b elementor-widget elementor-widget-text-editor\" data-id=\"1cd2a8b\" data-element_type=\"widget\" data-widget_type=\"text-editor.default\">\n\t\t\t\t<div class=\"elementor-widget-container\">\n\t\t\t\t\t\t\t\t<div class=\"elementor-text-editor elementor-clearfix\">\n\t\t\t\t<p>Le march\u00e9 de garantie au Benelux est toujours domin\u00e9 par les banques traditionnelles. N\u00e9anmoins, il offre de nombreux avantages pour r\u00e9diger vos cautions et garanties via des assureurs ou pour envisager une collaboration entre une ou plusieurs banques et assureurs. Ci-dessous, nous \u00e9num\u00e9rons les plus importants.\u00a0<\/p>\t\t\t\t\t<\/div>\n\t\t\t\t\t\t<\/div>\n\t\t\t\t<\/div>\n\t\t\t\t<section class=\"elementor-section elementor-inner-section elementor-element elementor-element-14f8fd5 elementor-section-boxed elementor-section-height-default elementor-section-height-default\" data-id=\"14f8fd5\" data-element_type=\"section\">\n\t\t\t\t\t\t<div class=\"elementor-container elementor-column-gap-default\">\n\t\t\t\t\t\t\t<div class=\"elementor-row\">\n\t\t\t\t\t<div class=\"elementor-column elementor-col-100 elementor-inner-column elementor-element elementor-element-7c4a6a2\" data-id=\"7c4a6a2\" data-element_type=\"column\">\n\t\t\t<div class=\"elementor-column-wrap elementor-element-populated\">\n\t\t\t\t\t\t\t<div class=\"elementor-widget-wrap\">\n\t\t\t\t\t\t<div class=\"elementor-element elementor-element-e10c8d9 elementor-widget elementor-widget-text-editor\" data-id=\"e10c8d9\" data-element_type=\"widget\" data-widget_type=\"text-editor.default\">\n\t\t\t\t<div class=\"elementor-widget-container\">\n\t\t\t\t\t\t\t\t<div class=\"elementor-text-editor elementor-clearfix\">\n\t\t\t\t<p><strong>Espace de cr\u00e9dit suppl\u00e9mentaire<\/strong><\/p><p>Les garanties bancaires font partie du portefeuille total de pr\u00eats d'une banque, ce qui signifie qu'elles peuvent limiter la capacit\u00e9 de cr\u00e9dit disponible. En travaillant avec les assureurs, l'espace de cr\u00e9dit peut \u00eatre lib\u00e9r\u00e9 et, en d'autres termes, vous pouvez facilement cr\u00e9er une capacit\u00e9 de cr\u00e9dit suppl\u00e9mentaire chez les banques.<\/p><p>SBC garantit le choix des assureurs adapt\u00e9s \u00e0 vos besoins.<\/p><p>\u00a0<\/p><p><strong>Sauvegarde des s\u00fbret\u00e9s r\u00e9elles<\/strong><\/p><p>Apr\u00e8s une analyse financi\u00e8re approfondie, les assureurs tentent autant que possible de conclure des accords sur la base de la notori\u00e9t\u00e9 au lieu de grever les actifs avec des garanties solides, comme c'est g\u00e9n\u00e9ralement le cas avec les banques. En travaillant avec les assureurs, les actifs restent libres et non tax\u00e9s pour \u00e9ventuellement \u00eatre utilis\u00e9s pour de nouveaux pr\u00eats.<\/p><p>SBC, gr\u00e2ce \u00e0 son expertise, garantit des accords transparents avec le moins d'obligations ou de petits caract\u00e8res possible.<\/p><p>\u00a0<\/p><p><strong>Service exceptionnel<\/strong><\/p><p>Le choix du bon assureur peut conduire \u00e0 un traitement plus fluide des demandes de garantie. Avec des assureurs sp\u00e9cialis\u00e9s, nous pouvons fournir des garanties dans un d\u00e9lai maximum de 48 heures (et souvent plus rapide), alors que chez la plupart des banques, cela prend beaucoup plus de temps. Un traitement plus rapide n\u00e9cessite moins de suivi et peut \u00e9viter des discussions avec le client final ou, dans le pire des cas, m\u00eame des amendes.<\/p><p>SBC assure le bon traitement de toutes vos demandes de garantie.<\/p><p>\u00a0<\/p><p><strong>Moins cher<\/strong><\/p><p>Frais de dossier, frais administratifs, frais de gestion, frais minimaux, primes, surco\u00fbts, commissions de r\u00e9servation\u2026 C'est hallucinant quels frais sont parfois factur\u00e9s. Heureusement, nous r\u00e9ussissons \u00e0 r\u00e9duire cela au minimum avec les assureurs et aussi \u00e0 n\u00e9gocier une prime moins \u00e9lev\u00e9e qu'avec les banques.<\/p><p>SBC aide \u00e0 r\u00e9duire vos co\u00fbts de garantie.<\/p><p>\u00a0<\/p><p><strong>Rating solide<\/strong><\/p><p>La coop\u00e9ration avec les bons partenaires n'est pas seulement importante pour vous, mais aussi pour vos clients b\u00e9n\u00e9ficiaires des garanties ou cautions \u00e0 \u00e9mettre. Apr\u00e8s tout, ils veulent \u00eatre s\u00fbrs qu'un garant est suffisamment solide pour s'acquitter de ses obligations de paiement dans le pire des cas. Saviez-vous qu'il existe plusieurs assureurs avec une notation de cr\u00e9dit identique voire meilleure que celle des grandes banques et que leur solidit\u00e9 financi\u00e8re est donc au moins aussi grande?<\/p><p>SBC travaille uniquement avec des assureurs professionnels ayant une excellente r\u00e9putation et un rating solide afin que vous et vos clients \/ b\u00e9n\u00e9ficiaires puissiez \u00eatre rassur\u00e9s.<\/p>\t\t\t\t\t<\/div>\n\t\t\t\t\t\t<\/div>\n\t\t\t\t<\/div>\n\t\t\t\t\t\t<\/div>\n\t\t\t\t\t<\/div>\n\t\t<\/div>\n\t\t\t\t\t\t\t\t<\/div>\n\t\t\t\t\t<\/div>\n\t\t<\/section>\n\t\t\t\t<div class=\"elementor-element elementor-element-1b9b4cf elementor-mobile-align-center elementor-align-center elementor-widget elementor-widget-button\" data-id=\"1b9b4cf\" data-element_type=\"widget\" data-widget_type=\"button.default\">\n\t\t\t\t<div class=\"elementor-widget-container\">\n\t\t\t\t\t<div class=\"elementor-button-wrapper\">\n\t\t\t<a href=\"https:\/\/suretybroker.be\/fr\/contact\/\" class=\"elementor-button-link elementor-button elementor-size-sm\" role=\"button\">\n\t\t\t\t\t\t<span class=\"elementor-button-content-wrapper\">\n\t\t\t\t\t\t<span class=\"elementor-button-text\">Contactez-nous<\/span>\n\t\t<\/span>\n\t\t\t\t\t<\/a>\n\t\t<\/div>\n\t\t\t\t<\/div>\n\t\t\t\t<\/div>\n\t\t\t\t\t\t<\/div>\n\t\t\t\t\t<\/div>\n\t\t<\/div>\n\t\t\t\t\t\t\t\t<\/div>\n\t\t\t\t\t<\/div>\n\t\t<\/section>\n\t\t\t\t\t\t<\/div>\n\t\t\t\t\t\t<\/div>\n\t\t\t\t\t<\/div>","protected":false},"excerpt":{"rendered":"<p>Bank of verzekeraar? De garantiemarkt in de Benelux wordt nog steeds gedomineerd door de traditionele banken. Toch biedt het tal van voordelen om uw borgstellingen en garanties via verzekeraars uit te schrijven of een samenwerking te bekijken tussen \u00e9\u00e9n of meerdere banken en verzekeraars. Hieronder sommen we de belangrijkste op.\u00a0 Extra kredietruimte Bankgaranties maken deel [&hellip;]<\/p>","protected":false},"author":1,"featured_media":0,"parent":0,"menu_order":0,"comment_status":"closed","ping_status":"closed","template":"elementor_header_footer","meta":[],"acf":[],"yoast_head":"<!-- This site is optimized with the Yoast SEO plugin v17.7.1 - https:\/\/yoast.com\/wordpress\/plugins\/seo\/ -->\n<title>Bank of verzekeraar?<\/title>\n<meta name=\"description\" content=\"De garantiemarkt in de Benelux wordt nog steeds gedomineerd door de traditionele banken. Toch biedt het tal van voordelen om uw borgstellingen en garanties via verzekeraars uit te schrijven of een samenwerking te bekijken tussen \u00e9\u00e9n of meerdere banken en verzekeraars. Hieronder sommen we de belangrijkste op.\" \/>\n<meta name=\"robots\" content=\"index, follow, max-snippet:-1, max-image-preview:large, max-video-preview:-1\" \/>\n<link rel=\"canonical\" href=\"https:\/\/suretybroker.be\/fr\/bank-of-verzekeraar\/\" \/>\n<meta property=\"og:locale\" content=\"fr_FR\" \/>\n<meta property=\"og:type\" content=\"article\" \/>\n<meta property=\"og:title\" content=\"Bank of verzekeraar?\" \/>\n<meta property=\"og:description\" content=\"De garantiemarkt in de Benelux wordt nog steeds gedomineerd door de traditionele banken. Toch biedt het tal van voordelen om uw borgstellingen en garanties via verzekeraars uit te schrijven of een samenwerking te bekijken tussen \u00e9\u00e9n of meerdere banken en verzekeraars. Hieronder sommen we de belangrijkste op.\" \/>\n<meta property=\"og:url\" content=\"https:\/\/suretybroker.be\/fr\/bank-of-verzekeraar\/\" \/>\n<meta property=\"og:site_name\" content=\"suretybroker.be\" \/>\n<meta property=\"article:modified_time\" content=\"2023-11-03T13:57:18+00:00\" \/>\n<meta name=\"twitter:card\" content=\"summary_large_image\" \/>\n<meta name=\"twitter:label1\" content=\"Dur\u00e9e de lecture est.\" \/>\n\t<meta name=\"twitter:data1\" content=\"2 minutes\" \/>\n<script type=\"application\/ld+json\" class=\"yoast-schema-graph\">{\"@context\":\"https:\/\/schema.org\",\"@graph\":[{\"@type\":\"Organization\",\"@id\":\"https:\/\/suretybroker.be\/#organization\",\"name\":\"SBC - Surety Broker\",\"url\":\"https:\/\/suretybroker.be\/\",\"sameAs\":[],\"logo\":{\"@type\":\"ImageObject\",\"@id\":\"https:\/\/suretybroker.be\/#logo\",\"inLanguage\":\"fr-BE\",\"url\":\"http:\/\/suretybroker.be\/wp-content\/uploads\/2020\/09\/cropped-Favicon-01.png\",\"contentUrl\":\"http:\/\/suretybroker.be\/wp-content\/uploads\/2020\/09\/cropped-Favicon-01.png\",\"width\":512,\"height\":512,\"caption\":\"SBC - Surety Broker\"},\"image\":{\"@id\":\"https:\/\/suretybroker.be\/#logo\"}},{\"@type\":\"WebSite\",\"@id\":\"https:\/\/suretybroker.be\/#website\",\"url\":\"https:\/\/suretybroker.be\/\",\"name\":\"suretybroker.be\",\"description\":\"Surety Broker\",\"publisher\":{\"@id\":\"https:\/\/suretybroker.be\/#organization\"},\"potentialAction\":[{\"@type\":\"SearchAction\",\"target\":{\"@type\":\"EntryPoint\",\"urlTemplate\":\"https:\/\/suretybroker.be\/?s={search_term_string}\"},\"query-input\":\"required name=search_term_string\"}],\"inLanguage\":\"fr-BE\"},{\"@type\":\"WebPage\",\"@id\":\"https:\/\/suretybroker.be\/bank-of-verzekeraar\/#webpage\",\"url\":\"https:\/\/suretybroker.be\/bank-of-verzekeraar\/\",\"name\":\"Bank of verzekeraar?\",\"isPartOf\":{\"@id\":\"https:\/\/suretybroker.be\/#website\"},\"datePublished\":\"2020-12-03T12:33:20+00:00\",\"dateModified\":\"2023-11-03T13:57:18+00:00\",\"description\":\"De garantiemarkt in de Benelux wordt nog steeds gedomineerd door de traditionele banken. Toch biedt het tal van voordelen om uw borgstellingen en garanties via verzekeraars uit te schrijven of een samenwerking te bekijken tussen \\u00e9\\u00e9n of meerdere banken en verzekeraars. Hieronder sommen we de belangrijkste op.\",\"breadcrumb\":{\"@id\":\"https:\/\/suretybroker.be\/bank-of-verzekeraar\/#breadcrumb\"},\"inLanguage\":\"fr-BE\",\"potentialAction\":[{\"@type\":\"ReadAction\",\"target\":[\"https:\/\/suretybroker.be\/bank-of-verzekeraar\/\"]}]},{\"@type\":\"BreadcrumbList\",\"@id\":\"https:\/\/suretybroker.be\/bank-of-verzekeraar\/#breadcrumb\",\"itemListElement\":[{\"@type\":\"ListItem\",\"position\":1,\"name\":\"Home\",\"item\":\"https:\/\/suretybroker.be\/\"},{\"@type\":\"ListItem\",\"position\":2,\"name\":\"Bank of verzekeraar?\"}]}]}<\/script>\n<!-- \/ Yoast SEO plugin. -->","yoast_head_json":{"title":"Bank of verzekeraar?","description":"De garantiemarkt in de Benelux wordt nog steeds gedomineerd door de traditionele banken. Toch biedt het tal van voordelen om uw borgstellingen en garanties via verzekeraars uit te schrijven of een samenwerking te bekijken tussen \u00e9\u00e9n of meerdere banken en verzekeraars. Hieronder sommen we de belangrijkste op.","robots":{"index":"index","follow":"follow","max-snippet":"max-snippet:-1","max-image-preview":"max-image-preview:large","max-video-preview":"max-video-preview:-1"},"canonical":"https:\/\/suretybroker.be\/fr\/bank-of-verzekeraar\/","og_locale":"fr_FR","og_type":"article","og_title":"Bank of verzekeraar?","og_description":"De garantiemarkt in de Benelux wordt nog steeds gedomineerd door de traditionele banken. Toch biedt het tal van voordelen om uw borgstellingen en garanties via verzekeraars uit te schrijven of een samenwerking te bekijken tussen \u00e9\u00e9n of meerdere banken en verzekeraars. Hieronder sommen we de belangrijkste op.","og_url":"https:\/\/suretybroker.be\/fr\/bank-of-verzekeraar\/","og_site_name":"suretybroker.be","article_modified_time":"2023-11-03T13:57:18+00:00","twitter_card":"summary_large_image","twitter_misc":{"Dur\u00e9e de lecture est.":"2 minutes"},"schema":{"@context":"https:\/\/schema.org","@graph":[{"@type":"Organization","@id":"https:\/\/suretybroker.be\/#organization","name":"SBC - Surety Broker","url":"https:\/\/suretybroker.be\/","sameAs":[],"logo":{"@type":"ImageObject","@id":"https:\/\/suretybroker.be\/#logo","inLanguage":"fr-BE","url":"http:\/\/suretybroker.be\/wp-content\/uploads\/2020\/09\/cropped-Favicon-01.png","contentUrl":"http:\/\/suretybroker.be\/wp-content\/uploads\/2020\/09\/cropped-Favicon-01.png","width":512,"height":512,"caption":"SBC - Surety Broker"},"image":{"@id":"https:\/\/suretybroker.be\/#logo"}},{"@type":"WebSite","@id":"https:\/\/suretybroker.be\/#website","url":"https:\/\/suretybroker.be\/","name":"suretybroker.be","description":"Surety Broker","publisher":{"@id":"https:\/\/suretybroker.be\/#organization"},"potentialAction":[{"@type":"SearchAction","target":{"@type":"EntryPoint","urlTemplate":"https:\/\/suretybroker.be\/?s={search_term_string}"},"query-input":"required name=search_term_string"}],"inLanguage":"fr-BE"},{"@type":"WebPage","@id":"https:\/\/suretybroker.be\/bank-of-verzekeraar\/#webpage","url":"https:\/\/suretybroker.be\/bank-of-verzekeraar\/","name":"Bank of verzekeraar?","isPartOf":{"@id":"https:\/\/suretybroker.be\/#website"},"datePublished":"2020-12-03T12:33:20+00:00","dateModified":"2023-11-03T13:57:18+00:00","description":"De garantiemarkt in de Benelux wordt nog steeds gedomineerd door de traditionele banken. Toch biedt het tal van voordelen om uw borgstellingen en garanties via verzekeraars uit te schrijven of een samenwerking te bekijken tussen \u00e9\u00e9n of meerdere banken en verzekeraars. Hieronder sommen we de belangrijkste op.","breadcrumb":{"@id":"https:\/\/suretybroker.be\/bank-of-verzekeraar\/#breadcrumb"},"inLanguage":"fr-BE","potentialAction":[{"@type":"ReadAction","target":["https:\/\/suretybroker.be\/bank-of-verzekeraar\/"]}]},{"@type":"BreadcrumbList","@id":"https:\/\/suretybroker.be\/bank-of-verzekeraar\/#breadcrumb","itemListElement":[{"@type":"ListItem","position":1,"name":"Home","item":"https:\/\/suretybroker.be\/"},{"@type":"ListItem","position":2,"name":"Bank of verzekeraar?"}]}]}},"_links":{"self":[{"href":"https:\/\/suretybroker.be\/fr\/wp-json\/wp\/v2\/pages\/532"}],"collection":[{"href":"https:\/\/suretybroker.be\/fr\/wp-json\/wp\/v2\/pages"}],"about":[{"href":"https:\/\/suretybroker.be\/fr\/wp-json\/wp\/v2\/types\/page"}],"author":[{"embeddable":true,"href":"https:\/\/suretybroker.be\/fr\/wp-json\/wp\/v2\/users\/1"}],"replies":[{"embeddable":true,"href":"https:\/\/suretybroker.be\/fr\/wp-json\/wp\/v2\/comments?post=532"}],"version-history":[{"count":15,"href":"https:\/\/suretybroker.be\/fr\/wp-json\/wp\/v2\/pages\/532\/revisions"}],"predecessor-version":[{"id":688,"href":"https:\/\/suretybroker.be\/fr\/wp-json\/wp\/v2\/pages\/532\/revisions\/688"}],"wp:attachment":[{"href":"https:\/\/suretybroker.be\/fr\/wp-json\/wp\/v2\/media?parent=532"}],"curies":[{"name":"wp","href":"https:\/\/api.w.org\/{rel}","templated":true}]}}