{"id":517,"date":"2020-12-02T17:03:01","date_gmt":"2020-12-02T17:03:01","guid":{"rendered":"http:\/\/suretybroker.be\/?page_id=517"},"modified":"2023-03-30T14:54:49","modified_gmt":"2023-03-30T14:54:49","slug":"over-ons","status":"publish","type":"page","link":"https:\/\/suretybroker.be\/fr\/over-ons\/","title":{"rendered":"Over-ons"},"content":{"rendered":"<div data-elementor-type=\"wp-page\" data-elementor-id=\"517\" class=\"elementor elementor-517\" data-elementor-settings=\"[]\">\n\t\t\t\t\t\t<div class=\"elementor-inner\">\n\t\t\t\t\t\t\t<div class=\"elementor-section-wrap\">\n\t\t\t\t\t\t\t<section class=\"elementor-section elementor-top-section elementor-element elementor-element-b11c95b elementor-section-height-min-height elementor-section-boxed elementor-section-height-default elementor-section-items-middle\" data-id=\"b11c95b\" data-element_type=\"section\" data-settings=\"{&quot;background_background&quot;:&quot;classic&quot;}\">\n\t\t\t\t\t\t\t<div class=\"elementor-background-overlay\"><\/div>\n\t\t\t\t\t\t\t<div class=\"elementor-container elementor-column-gap-default\">\n\t\t\t\t\t\t\t<div class=\"elementor-row\">\n\t\t\t\t\t<div class=\"elementor-column elementor-col-100 elementor-top-column elementor-element elementor-element-f02ab63 raven-column-flex-horizontal\" data-id=\"f02ab63\" data-element_type=\"column\" data-settings=\"{&quot;background_background&quot;:&quot;classic&quot;}\">\n\t\t\t<div class=\"elementor-column-wrap elementor-element-populated\">\n\t\t\t\t\t\t\t<div class=\"elementor-widget-wrap\">\n\t\t\t\t\t\t<div class=\"elementor-element elementor-element-e264766 elementor-mobile-align-center elementor-align-left elementor-widget elementor-widget-raven-heading\" data-id=\"e264766\" data-element_type=\"widget\" data-widget_type=\"raven-heading.default\">\n\t\t\t\t<div class=\"elementor-widget-container\">\n\t\t\t\t\t<div class=\"raven-widget-wrapper\"><h1 class=\"raven-heading raven-heading-h1\"><span class=\"raven-heading-title\">\u00c0 propos de nous<\/span><\/h1><\/div>\n\t\t\t\t<\/div>\n\t\t\t\t<\/div>\n\t\t\t\t<div class=\"elementor-element elementor-element-ab538be elementor-widget-divider--view-line elementor-widget elementor-widget-divider\" data-id=\"ab538be\" data-element_type=\"widget\" data-widget_type=\"divider.default\">\n\t\t\t\t<div class=\"elementor-widget-container\">\n\t\t\t\t\t<div class=\"elementor-divider\">\n\t\t\t<span class=\"elementor-divider-separator\">\n\t\t\t\t\t\t<\/span>\n\t\t<\/div>\n\t\t\t\t<\/div>\n\t\t\t\t<\/div>\n\t\t\t\t\t\t<\/div>\n\t\t\t\t\t<\/div>\n\t\t<\/div>\n\t\t\t\t\t\t\t\t<\/div>\n\t\t\t\t\t<\/div>\n\t\t<\/section>\n\t\t\t\t<section class=\"elementor-section elementor-top-section elementor-element elementor-element-127a213 elementor-section-height-min-height elementor-section-items-stretch elementor-section-boxed elementor-section-height-default\" data-id=\"127a213\" data-element_type=\"section\" data-settings=\"{&quot;background_background&quot;:&quot;classic&quot;}\">\n\t\t\t\t\t\t\t<div class=\"elementor-background-overlay\"><\/div>\n\t\t\t\t\t\t\t<div class=\"elementor-container elementor-column-gap-default\">\n\t\t\t\t\t\t\t<div class=\"elementor-row\">\n\t\t\t\t\t<div class=\"elementor-column elementor-col-100 elementor-top-column elementor-element elementor-element-1265902\" data-id=\"1265902\" data-element_type=\"column\">\n\t\t\t<div class=\"elementor-column-wrap elementor-element-populated\">\n\t\t\t\t\t\t\t<div class=\"elementor-widget-wrap\">\n\t\t\t\t\t\t<div class=\"elementor-element elementor-element-d7010cf elementor-widget elementor-widget-text-editor\" data-id=\"d7010cf\" data-element_type=\"widget\" data-widget_type=\"text-editor.default\">\n\t\t\t\t<div class=\"elementor-widget-container\">\n\t\t\t\t\t\t\t\t<div class=\"elementor-text-editor elementor-clearfix\">\n\t\t\t\t<p>En tant que courtier ind\u00e9pendant, nous travaillons avec tous les assureurs concern\u00e9s en Belgique et \u00e0 l'\u00e9tranger afin de vous offrir une vue d'ensemble compl\u00e8te du march\u00e9 et de trouver avec certitude la meilleure solution pour vos besoins sp\u00e9cifiques.<\/p><p>Gr\u00e2ce \u00e0 la collaboration avec nos clients et assureurs, nous offrons toujours des solutions sur mesure afin que vous puissiez vous concentrer sur le d\u00e9veloppement de vos activit\u00e9s commerciales sans soucis.<\/p><p>Souhaitez-vous savoir quel fournisseur de garantie convient le mieux \u00e0 votre entreprise, si vous b\u00e9n\u00e9ficiez du meilleur service et des meilleures conditions ou recherchez-vous une capacit\u00e9 suppl\u00e9mentaire? Contactez-nous pour une consultation sans engagement afin d'analyser vos lignes de garantie actuelles ou vos nouvelles exigences.<\/p>\t\t\t\t\t<\/div>\n\t\t\t\t\t\t<\/div>\n\t\t\t\t<\/div>\n\t\t\t\t<div class=\"elementor-element elementor-element-85bb95e elementor-mobile-align-center elementor-align-left elementor-widget elementor-widget-raven-heading\" data-id=\"85bb95e\" data-element_type=\"widget\" data-widget_type=\"raven-heading.default\">\n\t\t\t\t<div class=\"elementor-widget-container\">\n\t\t\t\t\t<div class=\"raven-widget-wrapper\"><h1 class=\"raven-heading raven-heading-h1\"><span class=\"raven-heading-title\">Nos atouts<\/span><\/h1><\/div>\n\t\t\t\t<\/div>\n\t\t\t\t<\/div>\n\t\t\t\t<div class=\"elementor-element elementor-element-7eb48b7 elementor-widget elementor-widget-accordion\" data-id=\"7eb48b7\" data-element_type=\"widget\" data-widget_type=\"accordion.default\">\n\t\t\t\t<div class=\"elementor-widget-container\">\n\t\t\t\t\t<div class=\"elementor-accordion\" role=\"tablist\">\n\t\t\t\t\t\t\t<div class=\"elementor-accordion-item\">\n\t\t\t\t\t<div id=\"elementor-tab-title-1321\" class=\"elementor-tab-title\" data-tab=\"1\" role=\"tab\" aria-controls=\"elementor-tab-content-1321\" aria-expanded=\"false\">\n\t\t\t\t\t\t\t\t\t\t\t\t\t<span class=\"elementor-accordion-icon elementor-accordion-icon-left\" aria-hidden=\"true\">\n\t\t\t\t\t\t\t\t\t\t\t\t\t\t\t<span class=\"elementor-accordion-icon-closed\"><i class=\"fas fa-angle-down\"><\/i><\/span>\n\t\t\t\t\t\t\t\t<span class=\"elementor-accordion-icon-opened\"><i class=\"fas fa-angle-up\"><\/i><\/span>\n\t\t\t\t\t\t\t\t\t\t\t\t\t\t<\/span>\n\t\t\t\t\t\t\t\t\t\t\t\t<a class=\"elementor-accordion-title\" href=\"\">Ind\u00e9pendant<\/a>\n\t\t\t\t\t<\/div>\n\t\t\t\t\t<div id=\"elementor-tab-content-1321\" class=\"elementor-tab-content elementor-clearfix\" data-tab=\"1\" role=\"tabpanel\" aria-labelledby=\"elementor-tab-title-1321\"><p>Nous d\u00e9fendons vos int\u00e9r\u00eats. Le client est toujours au centre et nos efforts quotidiens visent \u00e0 d\u00e9velopper les meilleures solutions\u2026 \u00e0 votre avantage! En collaborant avec un large \u00e9ventail d'assureurs, nous stimulons la concurrence mutuelle pour obtenir les meilleures conditions. Et cela sans aucune forme de servitude \u00e0 tout assureur. Nous faisons des propositions sp\u00e9cifiques, mais vous d\u00e9cidez.<\/p><\/div>\n\t\t\t\t<\/div>\n\t\t\t\t\t\t\t<div class=\"elementor-accordion-item\">\n\t\t\t\t\t<div id=\"elementor-tab-title-1322\" class=\"elementor-tab-title\" data-tab=\"2\" role=\"tab\" aria-controls=\"elementor-tab-content-1322\" aria-expanded=\"false\">\n\t\t\t\t\t\t\t\t\t\t\t\t\t<span class=\"elementor-accordion-icon elementor-accordion-icon-left\" aria-hidden=\"true\">\n\t\t\t\t\t\t\t\t\t\t\t\t\t\t\t<span class=\"elementor-accordion-icon-closed\"><i class=\"fas fa-angle-down\"><\/i><\/span>\n\t\t\t\t\t\t\t\t<span class=\"elementor-accordion-icon-opened\"><i class=\"fas fa-angle-up\"><\/i><\/span>\n\t\t\t\t\t\t\t\t\t\t\t\t\t\t<\/span>\n\t\t\t\t\t\t\t\t\t\t\t\t<a class=\"elementor-accordion-title\" href=\"\">Connaissance et exp\u00e9rience<\/a>\n\t\t\t\t\t<\/div>\n\t\t\t\t\t<div id=\"elementor-tab-content-1322\" class=\"elementor-tab-content elementor-clearfix\" data-tab=\"2\" role=\"tabpanel\" aria-labelledby=\"elementor-tab-title-1322\"><p>Dobey Van Saelen, directeur de SBC, poss\u00e8de une vaste exp\u00e9rience du march\u00e9 belge de cautions et garanties. En tant que salari\u00e9, il a v\u00e9cu les premi\u00e8res ann\u00e9es de la premi\u00e8re soci\u00e9t\u00e9 d'assurance caution sp\u00e9cialis\u00e9e en Belgique. Il a ensuite \u00e9largi le march\u00e9 en co-fondant le service de cautionnement belge au sein d'un groupe d'assurance international de premier plan. Enfin, depuis 2017, il s'est engag\u00e9 \u00e0 promouvoir encore mieux les int\u00e9r\u00eats de ses clients en tant que courtier ind\u00e9pendant dans lequel le march\u00e9 libre est pleinement stimul\u00e9.<\/p><p>Dobey a de l'exp\u00e9rience avec les clients les plus prestigieux, conna\u00eet \u00e0 fond tous les assureurs concern\u00e9s et leurs op\u00e9rations, entretient de bonnes relations avec leurs employ\u00e9s et est un d\u00e9cideur dans les comit\u00e9s de cr\u00e9dit depuis de nombreuses ann\u00e9es. Il a contribu\u00e9 \u00e0 la cr\u00e9ation de diff\u00e9rents contrats, conditions g\u00e9n\u00e9rales, textes de garantie, syst\u00e8mes informatiques, etc. qui sont encore valables aujourd'hui comme r\u00e9f\u00e9rence et sont activement utilis\u00e9s par les assureurs.<\/p><p>En d'autres termes, SBC est un partenaire tr\u00e8s fort pour repr\u00e9senter vos int\u00e9r\u00eats.<\/p><\/div>\n\t\t\t\t<\/div>\n\t\t\t\t\t\t\t<div class=\"elementor-accordion-item\">\n\t\t\t\t\t<div id=\"elementor-tab-title-1323\" class=\"elementor-tab-title\" data-tab=\"3\" role=\"tab\" aria-controls=\"elementor-tab-content-1323\" aria-expanded=\"false\">\n\t\t\t\t\t\t\t\t\t\t\t\t\t<span class=\"elementor-accordion-icon elementor-accordion-icon-left\" aria-hidden=\"true\">\n\t\t\t\t\t\t\t\t\t\t\t\t\t\t\t<span class=\"elementor-accordion-icon-closed\"><i class=\"fas fa-angle-down\"><\/i><\/span>\n\t\t\t\t\t\t\t\t<span class=\"elementor-accordion-icon-opened\"><i class=\"fas fa-angle-up\"><\/i><\/span>\n\t\t\t\t\t\t\t\t\t\t\t\t\t\t<\/span>\n\t\t\t\t\t\t\t\t\t\t\t\t<a class=\"elementor-accordion-title\" href=\"\">Rentable<\/a>\n\t\t\t\t\t<\/div>\n\t\t\t\t\t<div id=\"elementor-tab-content-1323\" class=\"elementor-tab-content elementor-clearfix\" data-tab=\"3\" role=\"tabpanel\" aria-labelledby=\"elementor-tab-title-1323\"><p>Vous aurez \u00e0 vos c\u00f4t\u00e9s un sp\u00e9cialiste qui d\u00e9fendra vos int\u00e9r\u00eats sans avoir \u00e0 payer de suppl\u00e9ment pour cela, c'est bien non? De plus, nous nous assurons que vos co\u00fbts baissent en n\u00e9gociant les meilleures conditions du march\u00e9. Vous ne payez jamais plus que la prime convenue aux assureurs. Cette approche est \u00e9galement \u00e0 l'avantage des assureurs, car nous augmentons leur pr\u00e9sence sur le march\u00e9 et leur efficacit\u00e9 car ils re\u00e7oivent toujours un dossier tr\u00e8s d\u00e9taill\u00e9 qui peut \u00eatre trait\u00e9 rapidement. Gagnant-gagnant-gagnant.<\/p><\/div>\n\t\t\t\t<\/div>\n\t\t\t\t\t\t\t<div class=\"elementor-accordion-item\">\n\t\t\t\t\t<div id=\"elementor-tab-title-1324\" class=\"elementor-tab-title\" data-tab=\"4\" role=\"tab\" aria-controls=\"elementor-tab-content-1324\" aria-expanded=\"false\">\n\t\t\t\t\t\t\t\t\t\t\t\t\t<span class=\"elementor-accordion-icon elementor-accordion-icon-left\" aria-hidden=\"true\">\n\t\t\t\t\t\t\t\t\t\t\t\t\t\t\t<span class=\"elementor-accordion-icon-closed\"><i class=\"fas fa-angle-down\"><\/i><\/span>\n\t\t\t\t\t\t\t\t<span class=\"elementor-accordion-icon-opened\"><i class=\"fas fa-angle-up\"><\/i><\/span>\n\t\t\t\t\t\t\t\t\t\t\t\t\t\t<\/span>\n\t\t\t\t\t\t\t\t\t\t\t\t<a class=\"elementor-accordion-title\" href=\"\">Efficace<\/a>\n\t\t\t\t\t<\/div>\n\t\t\t\t\t<div id=\"elementor-tab-content-1324\" class=\"elementor-tab-content elementor-clearfix\" data-tab=\"4\" role=\"tabpanel\" aria-labelledby=\"elementor-tab-title-1324\"><p>Par exp\u00e9rience, nous savons tr\u00e8s bien non seulement ce dont vous avez besoin, mais \u00e9galement quels \u00e9l\u00e9ments sont importants pour les comit\u00e9s de cr\u00e9dit. Cette position unique signifie que nous pouvons sans aucun doute faire une diff\u00e9rence dans votre dossier et avoir construit une bonne coop\u00e9ration avec les assureurs.\u00a0<\/p><p>De plus, nous utilisons le principe de \u00ab guichet unique \u00bb afin que tracera votre besoin total et peut le distribuer \u00e0 travers une \u00e9tude de march\u00e9 \u00e0 un large \u00e9ventail d'assureurs, sans avoir \u00e0 perdre du temps sur la m\u00eame conversation avec chaque assureur individuel. Naturellement, nous s\u00e9lectionnerons ensuite une liste restreinte d'assureurs que vous pourrez rencontrer en personne avant de faire affaire avec eux.<\/p><\/div>\n\t\t\t\t<\/div>\n\t\t\t\t\t\t\t<div class=\"elementor-accordion-item\">\n\t\t\t\t\t<div id=\"elementor-tab-title-1325\" class=\"elementor-tab-title\" data-tab=\"5\" role=\"tab\" aria-controls=\"elementor-tab-content-1325\" aria-expanded=\"false\">\n\t\t\t\t\t\t\t\t\t\t\t\t\t<span class=\"elementor-accordion-icon elementor-accordion-icon-left\" aria-hidden=\"true\">\n\t\t\t\t\t\t\t\t\t\t\t\t\t\t\t<span class=\"elementor-accordion-icon-closed\"><i class=\"fas fa-angle-down\"><\/i><\/span>\n\t\t\t\t\t\t\t\t<span class=\"elementor-accordion-icon-opened\"><i class=\"fas fa-angle-up\"><\/i><\/span>\n\t\t\t\t\t\t\t\t\t\t\t\t\t\t<\/span>\n\t\t\t\t\t\t\t\t\t\t\t\t<a class=\"elementor-accordion-title\" href=\"\">Aper\u00e7u complet du march\u00e9<\/a>\n\t\t\t\t\t<\/div>\n\t\t\t\t\t<div id=\"elementor-tab-content-1325\" class=\"elementor-tab-content elementor-clearfix\" data-tab=\"5\" role=\"tabpanel\" aria-labelledby=\"elementor-tab-title-1325\"><p>Avec des clients issus de secteurs vari\u00e9s et un large portefeuille de cautions et garanties sous gestion, nous avons toujours une vision globale du march\u00e9 de niche dans lequel nous sommes tr\u00e8s fortement ancr\u00e9s. Gr\u00e2ce \u00e0 notre exp\u00e9rience et \u00e0 des contacts tr\u00e8s r\u00e9guliers avec diff\u00e9rents assureurs, nous savons \u00e0 tout moment quels changements le march\u00e9 subit et comment nous pouvons en tirer profit. En d'autres termes un partenaire solide qui peut vous assister \u00e0 tout moment en toute connaissance de cause.<\/p><\/div>\n\t\t\t\t<\/div>\n\t\t\t\t\t\t\t<div class=\"elementor-accordion-item\">\n\t\t\t\t\t<div id=\"elementor-tab-title-1326\" class=\"elementor-tab-title\" data-tab=\"6\" role=\"tab\" aria-controls=\"elementor-tab-content-1326\" aria-expanded=\"false\">\n\t\t\t\t\t\t\t\t\t\t\t\t\t<span class=\"elementor-accordion-icon elementor-accordion-icon-left\" aria-hidden=\"true\">\n\t\t\t\t\t\t\t\t\t\t\t\t\t\t\t<span class=\"elementor-accordion-icon-closed\"><i class=\"fas fa-angle-down\"><\/i><\/span>\n\t\t\t\t\t\t\t\t<span class=\"elementor-accordion-icon-opened\"><i class=\"fas fa-angle-up\"><\/i><\/span>\n\t\t\t\t\t\t\t\t\t\t\t\t\t\t<\/span>\n\t\t\t\t\t\t\t\t\t\t\t\t<a class=\"elementor-accordion-title\" href=\"\">R\u00e9seau international<\/a>\n\t\t\t\t\t<\/div>\n\t\t\t\t\t<div id=\"elementor-tab-content-1326\" class=\"elementor-tab-content elementor-clearfix\" data-tab=\"6\" role=\"tabpanel\" aria-labelledby=\"elementor-tab-title-1326\"><p>Bien que la plupart de nos clients soient bas\u00e9s au Benelux, nous pouvons \u00e9galement proposer nos services \u00e0 des entreprises \u00e9trang\u00e8res. Cela concerne souvent les succursales \u00e9trang\u00e8res d'un client au Benelux, mais il peut \u00e9galement s'agir de clients \u00e9trangers devant fournir une garantie au Benelux. Les garanties internationales peuvent \u00eatre fournies directement via des assureurs internationaux ou indirectement via le fronting, dans lequel un assureur \u00e9tranger local (= fronter) fournit une garantie sous la couverture d'un autre assureur. G\u00e9n\u00e9ralement, le fronting est utilis\u00e9 si le b\u00e9n\u00e9ficiaire \u00e9tranger exige que la garantie soit \u00e9mise par une institution financi\u00e8re locale situ\u00e9e dans le pays du b\u00e9n\u00e9ficiaire.<\/p><\/div>\n\t\t\t\t<\/div>\n\t\t\t\t\t\t\t\t<\/div>\n\t\t\t\t<\/div>\n\t\t\t\t<\/div>\n\t\t\t\t\t\t<\/div>\n\t\t\t\t\t<\/div>\n\t\t<\/div>\n\t\t\t\t\t\t\t\t<\/div>\n\t\t\t\t\t<\/div>\n\t\t<\/section>\n\t\t\t\t\t\t<\/div>\n\t\t\t\t\t\t<\/div>\n\t\t\t\t\t<\/div>","protected":false},"excerpt":{"rendered":"<p>Over Ons Als onafhankelijk makelaar werken wij samen met alle relevante verzekeraars in binnen- en buitenland zodat wij u een volledig marktoverzicht kunnen bieden en met zekerheid de beste oplossing voor uw specifieke behoefte kunnen uitwerken. Door de nauwe samenwerking met onze klanten en verzekeraars leveren wij steeds maatwerk zodat u onbezorgd kan focussen op [&hellip;]<\/p>","protected":false},"author":1,"featured_media":0,"parent":0,"menu_order":0,"comment_status":"closed","ping_status":"closed","template":"elementor_header_footer","meta":[],"acf":[],"yoast_head":"<!-- This site is optimized with the Yoast SEO plugin v17.7.1 - https:\/\/yoast.com\/wordpress\/plugins\/seo\/ -->\n<title>Over Ons<\/title>\n<meta name=\"description\" content=\"SBC is d\u00e9 referentie op het gebied van borgstellingen en (bank-)garanties voor grote en middelgrote ondernemingen.\" \/>\n<meta name=\"robots\" content=\"index, follow, max-snippet:-1, max-image-preview:large, max-video-preview:-1\" \/>\n<link rel=\"canonical\" href=\"https:\/\/suretybroker.be\/fr\/over-ons\/\" \/>\n<meta property=\"og:locale\" content=\"fr_FR\" \/>\n<meta property=\"og:type\" content=\"article\" \/>\n<meta property=\"og:title\" content=\"Over Ons\" \/>\n<meta property=\"og:description\" content=\"SBC is d\u00e9 referentie op het gebied van borgstellingen en (bank-)garanties voor grote en middelgrote ondernemingen.\" \/>\n<meta property=\"og:url\" content=\"https:\/\/suretybroker.be\/fr\/over-ons\/\" \/>\n<meta property=\"og:site_name\" content=\"suretybroker.be\" \/>\n<meta property=\"article:modified_time\" content=\"2023-03-30T14:54:49+00:00\" \/>\n<meta name=\"twitter:card\" content=\"summary_large_image\" \/>\n<meta name=\"twitter:label1\" content=\"Dur\u00e9e de lecture est.\" \/>\n\t<meta name=\"twitter:data1\" content=\"4 minutes\" \/>\n<script type=\"application\/ld+json\" class=\"yoast-schema-graph\">{\"@context\":\"https:\/\/schema.org\",\"@graph\":[{\"@type\":\"Organization\",\"@id\":\"https:\/\/suretybroker.be\/#organization\",\"name\":\"SBC - Surety Broker\",\"url\":\"https:\/\/suretybroker.be\/\",\"sameAs\":[],\"logo\":{\"@type\":\"ImageObject\",\"@id\":\"https:\/\/suretybroker.be\/#logo\",\"inLanguage\":\"fr-BE\",\"url\":\"http:\/\/suretybroker.be\/wp-content\/uploads\/2020\/09\/cropped-Favicon-01.png\",\"contentUrl\":\"http:\/\/suretybroker.be\/wp-content\/uploads\/2020\/09\/cropped-Favicon-01.png\",\"width\":512,\"height\":512,\"caption\":\"SBC - Surety Broker\"},\"image\":{\"@id\":\"https:\/\/suretybroker.be\/#logo\"}},{\"@type\":\"WebSite\",\"@id\":\"https:\/\/suretybroker.be\/#website\",\"url\":\"https:\/\/suretybroker.be\/\",\"name\":\"suretybroker.be\",\"description\":\"Surety Broker\",\"publisher\":{\"@id\":\"https:\/\/suretybroker.be\/#organization\"},\"potentialAction\":[{\"@type\":\"SearchAction\",\"target\":{\"@type\":\"EntryPoint\",\"urlTemplate\":\"https:\/\/suretybroker.be\/?s={search_term_string}\"},\"query-input\":\"required name=search_term_string\"}],\"inLanguage\":\"fr-BE\"},{\"@type\":\"WebPage\",\"@id\":\"https:\/\/suretybroker.be\/over-ons\/#webpage\",\"url\":\"https:\/\/suretybroker.be\/over-ons\/\",\"name\":\"Over Ons\",\"isPartOf\":{\"@id\":\"https:\/\/suretybroker.be\/#website\"},\"datePublished\":\"2020-12-02T17:03:01+00:00\",\"dateModified\":\"2023-03-30T14:54:49+00:00\",\"description\":\"SBC is d\\u00e9 referentie op het gebied van borgstellingen en (bank-)garanties voor grote en middelgrote ondernemingen.\",\"breadcrumb\":{\"@id\":\"https:\/\/suretybroker.be\/over-ons\/#breadcrumb\"},\"inLanguage\":\"fr-BE\",\"potentialAction\":[{\"@type\":\"ReadAction\",\"target\":[\"https:\/\/suretybroker.be\/over-ons\/\"]}]},{\"@type\":\"BreadcrumbList\",\"@id\":\"https:\/\/suretybroker.be\/over-ons\/#breadcrumb\",\"itemListElement\":[{\"@type\":\"ListItem\",\"position\":1,\"name\":\"Home\",\"item\":\"https:\/\/suretybroker.be\/\"},{\"@type\":\"ListItem\",\"position\":2,\"name\":\"Over-ons\"}]}]}<\/script>\n<!-- \/ Yoast SEO plugin. -->","yoast_head_json":{"title":"Over Ons","description":"SBC is d\u00e9 referentie op het gebied van borgstellingen en (bank-)garanties voor grote en middelgrote ondernemingen.","robots":{"index":"index","follow":"follow","max-snippet":"max-snippet:-1","max-image-preview":"max-image-preview:large","max-video-preview":"max-video-preview:-1"},"canonical":"https:\/\/suretybroker.be\/fr\/over-ons\/","og_locale":"fr_FR","og_type":"article","og_title":"Over Ons","og_description":"SBC is d\u00e9 referentie op het gebied van borgstellingen en (bank-)garanties voor grote en middelgrote ondernemingen.","og_url":"https:\/\/suretybroker.be\/fr\/over-ons\/","og_site_name":"suretybroker.be","article_modified_time":"2023-03-30T14:54:49+00:00","twitter_card":"summary_large_image","twitter_misc":{"Dur\u00e9e de lecture est.":"4 minutes"},"schema":{"@context":"https:\/\/schema.org","@graph":[{"@type":"Organization","@id":"https:\/\/suretybroker.be\/#organization","name":"SBC - Surety Broker","url":"https:\/\/suretybroker.be\/","sameAs":[],"logo":{"@type":"ImageObject","@id":"https:\/\/suretybroker.be\/#logo","inLanguage":"fr-BE","url":"http:\/\/suretybroker.be\/wp-content\/uploads\/2020\/09\/cropped-Favicon-01.png","contentUrl":"http:\/\/suretybroker.be\/wp-content\/uploads\/2020\/09\/cropped-Favicon-01.png","width":512,"height":512,"caption":"SBC - Surety Broker"},"image":{"@id":"https:\/\/suretybroker.be\/#logo"}},{"@type":"WebSite","@id":"https:\/\/suretybroker.be\/#website","url":"https:\/\/suretybroker.be\/","name":"suretybroker.be","description":"Surety Broker","publisher":{"@id":"https:\/\/suretybroker.be\/#organization"},"potentialAction":[{"@type":"SearchAction","target":{"@type":"EntryPoint","urlTemplate":"https:\/\/suretybroker.be\/?s={search_term_string}"},"query-input":"required name=search_term_string"}],"inLanguage":"fr-BE"},{"@type":"WebPage","@id":"https:\/\/suretybroker.be\/over-ons\/#webpage","url":"https:\/\/suretybroker.be\/over-ons\/","name":"Over Ons","isPartOf":{"@id":"https:\/\/suretybroker.be\/#website"},"datePublished":"2020-12-02T17:03:01+00:00","dateModified":"2023-03-30T14:54:49+00:00","description":"SBC is d\u00e9 referentie op het gebied van borgstellingen en (bank-)garanties voor grote en middelgrote ondernemingen.","breadcrumb":{"@id":"https:\/\/suretybroker.be\/over-ons\/#breadcrumb"},"inLanguage":"fr-BE","potentialAction":[{"@type":"ReadAction","target":["https:\/\/suretybroker.be\/over-ons\/"]}]},{"@type":"BreadcrumbList","@id":"https:\/\/suretybroker.be\/over-ons\/#breadcrumb","itemListElement":[{"@type":"ListItem","position":1,"name":"Home","item":"https:\/\/suretybroker.be\/"},{"@type":"ListItem","position":2,"name":"Over-ons"}]}]}},"_links":{"self":[{"href":"https:\/\/suretybroker.be\/fr\/wp-json\/wp\/v2\/pages\/517"}],"collection":[{"href":"https:\/\/suretybroker.be\/fr\/wp-json\/wp\/v2\/pages"}],"about":[{"href":"https:\/\/suretybroker.be\/fr\/wp-json\/wp\/v2\/types\/page"}],"author":[{"embeddable":true,"href":"https:\/\/suretybroker.be\/fr\/wp-json\/wp\/v2\/users\/1"}],"replies":[{"embeddable":true,"href":"https:\/\/suretybroker.be\/fr\/wp-json\/wp\/v2\/comments?post=517"}],"version-history":[{"count":19,"href":"https:\/\/suretybroker.be\/fr\/wp-json\/wp\/v2\/pages\/517\/revisions"}],"predecessor-version":[{"id":678,"href":"https:\/\/suretybroker.be\/fr\/wp-json\/wp\/v2\/pages\/517\/revisions\/678"}],"wp:attachment":[{"href":"https:\/\/suretybroker.be\/fr\/wp-json\/wp\/v2\/media?parent=517"}],"curies":[{"name":"wp","href":"https:\/\/api.w.org\/{rel}","templated":true}]}}